{"id":28,"date":"2020-06-08T12:53:00","date_gmt":"2020-06-08T10:53:00","guid":{"rendered":"http:\/\/trojahn-metallbau.de\/?page_id=28"},"modified":"2026-04-12T13:17:04","modified_gmt":"2026-04-12T11:17:04","slug":"herzlich-willkommen","status":"publish","type":"page","link":"https:\/\/www.trojahn-metallbau.de\/","title":{"rendered":"Herzlich Willkommen"},"content":{"rendered":"\n<p>Wir freuen uns, Sie auf unserer Website Willkommen hei\u00dfen zu d\u00fcrfen. Unser Betrieb wird in zweiter Generation von Dirk Trojahn gef\u00fchrt. Wir verf\u00fcgen \u00fcber umfangreiche Fachkenntnisse in den Bereichen Metallbau, Schlosserei, Sicherheits- und Schlie\u00dftechnik. Seit mehr als f\u00fcnf Jahrzehnten steht unser Name f\u00fcr Qualit\u00e4t und Kompetenz in der Regio!<\/p>\n\n\n\n<p><strong>Lassen Sie sich \u00fcberzeugen, nehmen Sie <a href=\"https:\/\/www.trojahn-metallbau.de\/?page_id=17\">Kontakt<\/a> mit uns auf.<\/strong><\/p>\n\n\n\n<p>Sind Sie auf der Suche nach einem Schl\u00fcsseldienst, der Ihnen aus einer misslichen Situation hilft, so rufen Sie uns direkt an, wir finden eine L\u00f6sung: <br>Mobil: 0174 \/ 9272633<br>Zwischen 6:00 und 24:00 Uhr stehen wir Ihnen von Montag bis Sonntag f\u00fcr Notf\u00e4lle zur Verf\u00fcgung.<\/p>\n","protected":false},"excerpt":{"rendered":"<p>Wir freuen uns, Sie auf unserer Website Willkommen hei\u00dfen zu d\u00fcrfen. Unser Betrieb wird in zweiter...","protected":false},"author":1,"featured_media":0,"parent":0,"menu_order":0,"comment_status":"closed","ping_status":"closed","template":"","meta":[],"yoast_head":"<!-- This site is optimized with the Yoast SEO plugin v19.9 - https:\/\/yoast.com\/wordpress\/plugins\/seo\/ -->\n<title>Herzlich Willkommen - Trojahn-Metallbau<\/title>\n<meta name=\"description\" content=\"Trojahn-Metallbau Herzlich Willkommen Metallbau Stahl Metall Schl\u00fcsseldienst Schl\u00fcssel Schicherheit Schlosserei\" \/>\n<meta name=\"robots\" content=\"index, follow, max-snippet:-1, max-image-preview:large, max-video-preview:-1\" \/>\n<link rel=\"canonical\" href=\"https:\/\/www.trojahn-metallbau.de\/\" \/>\n<meta property=\"og:locale\" content=\"de_DE\" \/>\n<meta property=\"og:type\" content=\"article\" \/>\n<meta property=\"og:title\" content=\"Herzlich Willkommen - Trojahn-Metallbau\" \/>\n<meta property=\"og:description\" content=\"Trojahn-Metallbau Herzlich Willkommen Metallbau Stahl Metall Schl\u00fcsseldienst Schl\u00fcssel Schicherheit Schlosserei\" \/>\n<meta property=\"og:url\" content=\"https:\/\/www.trojahn-metallbau.de\/\" \/>\n<meta property=\"og:site_name\" content=\"Trojahn-Metallbau\" \/>\n<meta property=\"article:modified_time\" content=\"2026-04-12T11:17:04+00:00\" \/>\n<meta name=\"twitter:card\" content=\"summary_large_image\" \/>\n<meta name=\"twitter:label1\" content=\"Gesch\u00e4tzte Lesezeit\" \/>\n\t<meta name=\"twitter:data1\" content=\"1\u00a0Minute\" \/>\n<script type=\"application\/ld+json\" class=\"yoast-schema-graph\">{\"@context\":\"https:\/\/schema.org\",\"@graph\":[{\"@type\":\"WebPage\",\"@id\":\"https:\/\/www.trojahn-metallbau.de\/\",\"url\":\"https:\/\/www.trojahn-metallbau.de\/\",\"name\":\"Herzlich Willkommen - Trojahn-Metallbau\",\"isPartOf\":{\"@id\":\"https:\/\/www.trojahn-metallbau.de\/#website\"},\"datePublished\":\"2020-06-08T10:53:00+00:00\",\"dateModified\":\"2026-04-12T11:17:04+00:00\",\"description\":\"Trojahn-Metallbau Herzlich Willkommen Metallbau Stahl Metall Schl\u00fcsseldienst Schl\u00fcssel Schicherheit Schlosserei\",\"breadcrumb\":{\"@id\":\"https:\/\/www.trojahn-metallbau.de\/#breadcrumb\"},\"inLanguage\":\"de\",\"potentialAction\":[{\"@type\":\"ReadAction\",\"target\":[\"https:\/\/www.trojahn-metallbau.de\/\"]}]},{\"@type\":\"BreadcrumbList\",\"@id\":\"https:\/\/www.trojahn-metallbau.de\/#breadcrumb\",\"itemListElement\":[{\"@type\":\"ListItem\",\"position\":1,\"name\":\"Startseite\",\"item\":\"https:\/\/www.trojahn-metallbau.de\/\"},{\"@type\":\"ListItem\",\"position\":2,\"name\":\"Herzlich Willkommen\"}]},{\"@type\":\"WebSite\",\"@id\":\"https:\/\/www.trojahn-metallbau.de\/#website\",\"url\":\"https:\/\/www.trojahn-metallbau.de\/\",\"name\":\"Trojahn-Metallbau\",\"description\":\"Schlosserei - Metallbau - Schl\u00fcsseldienst\",\"publisher\":{\"@id\":\"https:\/\/www.trojahn-metallbau.de\/#organization\"},\"potentialAction\":[{\"@type\":\"SearchAction\",\"target\":{\"@type\":\"EntryPoint\",\"urlTemplate\":\"https:\/\/www.trojahn-metallbau.de\/?s={search_term_string}\"},\"query-input\":\"required name=search_term_string\"}],\"inLanguage\":\"de\"},{\"@type\":\"Organization\",\"@id\":\"https:\/\/www.trojahn-metallbau.de\/#organization\",\"name\":\"Trojahn Metallbau\",\"url\":\"https:\/\/www.trojahn-metallbau.de\/\",\"logo\":{\"@type\":\"ImageObject\",\"inLanguage\":\"de\",\"@id\":\"https:\/\/www.trojahn-metallbau.de\/#\/schema\/logo\/image\/\",\"url\":\"https:\/\/www.trojahn-metallbau.de\/wp-content\/uploads\/2020\/06\/Logo_mit_Schriftzug-1.jpg\",\"contentUrl\":\"https:\/\/www.trojahn-metallbau.de\/wp-content\/uploads\/2020\/06\/Logo_mit_Schriftzug-1.jpg\",\"width\":265,\"height\":291,\"caption\":\"Trojahn Metallbau\"},\"image\":{\"@id\":\"https:\/\/www.trojahn-metallbau.de\/#\/schema\/logo\/image\/\"}}]}<\/script>\n<!-- \/ Yoast SEO plugin. -->","yoast_head_json":{"title":"Herzlich Willkommen - Trojahn-Metallbau","description":"Trojahn-Metallbau Herzlich Willkommen Metallbau Stahl Metall Schl\u00fcsseldienst Schl\u00fcssel Schicherheit Schlosserei","robots":{"index":"index","follow":"follow","max-snippet":"max-snippet:-1","max-image-preview":"max-image-preview:large","max-video-preview":"max-video-preview:-1"},"canonical":"https:\/\/www.trojahn-metallbau.de\/","og_locale":"de_DE","og_type":"article","og_title":"Herzlich Willkommen - Trojahn-Metallbau","og_description":"Trojahn-Metallbau Herzlich Willkommen Metallbau Stahl Metall Schl\u00fcsseldienst Schl\u00fcssel Schicherheit Schlosserei","og_url":"https:\/\/www.trojahn-metallbau.de\/","og_site_name":"Trojahn-Metallbau","article_modified_time":"2026-04-12T11:17:04+00:00","twitter_card":"summary_large_image","twitter_misc":{"Gesch\u00e4tzte Lesezeit":"1\u00a0Minute"},"schema":{"@context":"https:\/\/schema.org","@graph":[{"@type":"WebPage","@id":"https:\/\/www.trojahn-metallbau.de\/","url":"https:\/\/www.trojahn-metallbau.de\/","name":"Herzlich Willkommen - Trojahn-Metallbau","isPartOf":{"@id":"https:\/\/www.trojahn-metallbau.de\/#website"},"datePublished":"2020-06-08T10:53:00+00:00","dateModified":"2026-04-12T11:17:04+00:00","description":"Trojahn-Metallbau Herzlich Willkommen Metallbau Stahl Metall Schl\u00fcsseldienst Schl\u00fcssel Schicherheit Schlosserei","breadcrumb":{"@id":"https:\/\/www.trojahn-metallbau.de\/#breadcrumb"},"inLanguage":"de","potentialAction":[{"@type":"ReadAction","target":["https:\/\/www.trojahn-metallbau.de\/"]}]},{"@type":"BreadcrumbList","@id":"https:\/\/www.trojahn-metallbau.de\/#breadcrumb","itemListElement":[{"@type":"ListItem","position":1,"name":"Startseite","item":"https:\/\/www.trojahn-metallbau.de\/"},{"@type":"ListItem","position":2,"name":"Herzlich Willkommen"}]},{"@type":"WebSite","@id":"https:\/\/www.trojahn-metallbau.de\/#website","url":"https:\/\/www.trojahn-metallbau.de\/","name":"Trojahn-Metallbau","description":"Schlosserei - Metallbau - Schl\u00fcsseldienst","publisher":{"@id":"https:\/\/www.trojahn-metallbau.de\/#organization"},"potentialAction":[{"@type":"SearchAction","target":{"@type":"EntryPoint","urlTemplate":"https:\/\/www.trojahn-metallbau.de\/?s={search_term_string}"},"query-input":"required name=search_term_string"}],"inLanguage":"de"},{"@type":"Organization","@id":"https:\/\/www.trojahn-metallbau.de\/#organization","name":"Trojahn Metallbau","url":"https:\/\/www.trojahn-metallbau.de\/","logo":{"@type":"ImageObject","inLanguage":"de","@id":"https:\/\/www.trojahn-metallbau.de\/#\/schema\/logo\/image\/","url":"https:\/\/www.trojahn-metallbau.de\/wp-content\/uploads\/2020\/06\/Logo_mit_Schriftzug-1.jpg","contentUrl":"https:\/\/www.trojahn-metallbau.de\/wp-content\/uploads\/2020\/06\/Logo_mit_Schriftzug-1.jpg","width":265,"height":291,"caption":"Trojahn Metallbau"},"image":{"@id":"https:\/\/www.trojahn-metallbau.de\/#\/schema\/logo\/image\/"}}]}},"_links":{"self":[{"href":"https:\/\/www.trojahn-metallbau.de\/index.php?rest_route=\/wp\/v2\/pages\/28"}],"collection":[{"href":"https:\/\/www.trojahn-metallbau.de\/index.php?rest_route=\/wp\/v2\/pages"}],"about":[{"href":"https:\/\/www.trojahn-metallbau.de\/index.php?rest_route=\/wp\/v2\/types\/page"}],"author":[{"embeddable":true,"href":"https:\/\/www.trojahn-metallbau.de\/index.php?rest_route=\/wp\/v2\/users\/1"}],"replies":[{"embeddable":true,"href":"https:\/\/www.trojahn-metallbau.de\/index.php?rest_route=%2Fwp%2Fv2%2Fcomments&post=28"}],"version-history":[{"count":11,"href":"https:\/\/www.trojahn-metallbau.de\/index.php?rest_route=\/wp\/v2\/pages\/28\/revisions"}],"predecessor-version":[{"id":280,"href":"https:\/\/www.trojahn-metallbau.de\/index.php?rest_route=\/wp\/v2\/pages\/28\/revisions\/280"}],"wp:attachment":[{"href":"https:\/\/www.trojahn-metallbau.de\/index.php?rest_route=%2Fwp%2Fv2%2Fmedia&parent=28"}],"curies":[{"name":"wp","href":"https:\/\/api.w.org\/{rel}","templated":true}]}}