{"id":17,"date":"2020-06-07T21:36:18","date_gmt":"2020-06-07T19:36:18","guid":{"rendered":"http:\/\/trojahn-metallbau.de\/?page_id=17"},"modified":"2020-06-18T22:14:38","modified_gmt":"2020-06-18T20:14:38","slug":"kontakt","status":"publish","type":"page","link":"https:\/\/www.trojahn-metallbau.de\/?page_id=17","title":{"rendered":"Kontakt"},"content":{"rendered":"\n<p>Kontaktinformationen<\/p>\n\n\n\n<p>Dirk Trojahn<br>Denzlinger Stra\u00dfe 24\/1<br>79279 V\u00f6rstetten<br>Tel.: 07666 \/ 30 85<br>Mobil: 0174 \/ 92 72 633<br>Mail: info@trojahn-metallbau.de<\/p>\n\n\n\n<p>Bei Fragen zu T\u00fcr\u00f6ffnungen kontaktieren Sie uns bitte direkt \u00fcber unsere Seite &#8222;<a href=\"https:\/\/www.trojahn-metallbau.de\/?page_id=11\">Schl\u00fcsseldienst<\/a>&#8222;.<\/p>\n\n\n\n<p>Gerne k\u00f6nnen Sie uns auch \u00fcber unser Kontaktformular kontaktieren:<\/p>\n\n\n\n<div class=\"wpforms-container wpforms-container-full\" id=\"wpforms-35\"><form id=\"wpforms-form-35\" class=\"wpforms-validate wpforms-form\" data-formid=\"35\" method=\"post\" enctype=\"multipart\/form-data\" action=\"\/index.php?rest_route=%2Fwp%2Fv2%2Fpages%2F17\" data-token=\"42f0125b7355d9d8efa3f97a83384b0d\" data-token-time=\"1778428751\"><noscript class=\"wpforms-error-noscript\">Bitte aktiviere JavaScript in deinem Browser, um dieses Formular fertigzustellen.<\/noscript><div class=\"wpforms-field-container\"><div id=\"wpforms-35-field_0-container\" class=\"wpforms-field wpforms-field-name\" data-field-id=\"0\"><label class=\"wpforms-field-label\">Name <span class=\"wpforms-required-label\">*<\/span><\/label><div class=\"wpforms-field-row wpforms-field-medium\"><div class=\"wpforms-field-row-block wpforms-first wpforms-one-half\"><input type=\"text\" id=\"wpforms-35-field_0\" class=\"wpforms-field-name-first wpforms-field-required\" name=\"wpforms[fields][0][first]\" placeholder=\"Max\" required><label for=\"wpforms-35-field_0\" class=\"wpforms-field-sublabel after\">Vorname<\/label><\/div><div class=\"wpforms-field-row-block wpforms-one-half\"><input type=\"text\" id=\"wpforms-35-field_0-last\" class=\"wpforms-field-name-last wpforms-field-required\" name=\"wpforms[fields][0][last]\" placeholder=\"Mustermann\" required><label for=\"wpforms-35-field_0-last\" class=\"wpforms-field-sublabel after\">Nachname<\/label><\/div><\/div><\/div><div id=\"wpforms-35-field_3-container\" class=\"wpforms-field wpforms-field-textarea\" data-field-id=\"3\"><label class=\"wpforms-field-label\" for=\"wpforms-35-field_3\">Adresse<\/label><textarea id=\"wpforms-35-field_3\" class=\"wpforms-field-small wpforms-limit-characters-enabled\" data-form-id=\"35\" data-field-id=\"3\" data-text-limit=\"100\" name=\"wpforms[fields][3]\" placeholder=\"Musterstra\u00dfe 1, 99999 Musterstadt\" maxlength=\"100\" ><\/textarea><\/div><div id=\"wpforms-35-field_6-container\" class=\"wpforms-field wpforms-field-number\" data-field-id=\"6\"><label class=\"wpforms-field-label\" for=\"wpforms-35-field_6\">Telefonnummer <span class=\"wpforms-required-label\">*<\/span><\/label><input type=\"number\" id=\"wpforms-35-field_6\" class=\"wpforms-field-small wpforms-field-required\" name=\"wpforms[fields][6]\" placeholder=\"012341234567\" step=\"any\" required><\/div><div id=\"wpforms-35-field_1-container\" class=\"wpforms-field wpforms-field-email\" data-field-id=\"1\"><label class=\"wpforms-field-label\" for=\"wpforms-35-field_1\">E-Mail <span class=\"wpforms-required-label\">*<\/span><\/label><input type=\"email\" id=\"wpforms-35-field_1\" class=\"wpforms-field-medium wpforms-field-required\" name=\"wpforms[fields][1]\" placeholder=\"maxx.mustermann@abcd.de\" spellcheck=\"false\" required><\/div><div id=\"wpforms-35-field_2-container\" class=\"wpforms-field wpforms-field-textarea\" data-field-id=\"2\"><label class=\"wpforms-field-label\" for=\"wpforms-35-field_2\">Kommentar oder Nachricht <span class=\"wpforms-required-label\">*<\/span><\/label><textarea id=\"wpforms-35-field_2\" class=\"wpforms-field-medium wpforms-field-required\" name=\"wpforms[fields][2]\" required><\/textarea><\/div><\/div><!-- .wpforms-field-container --><div class=\"wpforms-field wpforms-field-hp\"><label for=\"wpforms-35-field-hp\" class=\"wpforms-field-label\">Email<\/label><input type=\"text\" name=\"wpforms[hp]\" id=\"wpforms-35-field-hp\" class=\"wpforms-field-medium\"><\/div><div class=\"wpforms-submit-container\" ><input type=\"hidden\" name=\"wpforms[id]\" value=\"35\"><input type=\"hidden\" name=\"page_title\" value=\"\"><input type=\"hidden\" name=\"page_url\" value=\"https:\/\/www.trojahn-metallbau.de\/index.php?rest_route=\/wp\/v2\/pages\/17\"><input type=\"hidden\" name=\"url_referer\" value=\"\"><button type=\"submit\" name=\"wpforms[submit]\" id=\"wpforms-submit-35\" class=\"wpforms-submit\" data-alt-text=\"Senden...\" data-submit-text=\"Absenden\" aria-live=\"assertive\" value=\"wpforms-submit\">Absenden<\/button><\/div><\/form><\/div>  <!-- .wpforms-container -->\n","protected":false},"excerpt":{"rendered":"<p>Kontaktinformationen Dirk TrojahnDenzlinger Stra\u00dfe 24\/179279 V\u00f6rstettenTel.: 07666 \/ 30 85Mobil:...","protected":false},"author":1,"featured_media":0,"parent":0,"menu_order":0,"comment_status":"closed","ping_status":"closed","template":"","meta":[],"yoast_head":"<!-- This site is optimized with the Yoast SEO plugin v19.9 - https:\/\/yoast.com\/wordpress\/plugins\/seo\/ -->\n<title>Kontakt - Trojahn-Metallbau<\/title>\n<meta name=\"description\" content=\"Trojahn-Metallbau Kontakt Metallbau Stahl Metall Schl\u00fcsseldienst Schl\u00fcssel Schicherheit Schlosserei\" \/>\n<meta name=\"robots\" content=\"index, follow, max-snippet:-1, max-image-preview:large, max-video-preview:-1\" \/>\n<link rel=\"canonical\" href=\"https:\/\/www.trojahn-metallbau.de\/?page_id=17\" \/>\n<meta property=\"og:locale\" content=\"de_DE\" \/>\n<meta property=\"og:type\" content=\"article\" \/>\n<meta property=\"og:title\" content=\"Kontakt - Trojahn-Metallbau\" \/>\n<meta property=\"og:description\" content=\"Trojahn-Metallbau Kontakt Metallbau Stahl Metall Schl\u00fcsseldienst Schl\u00fcssel Schicherheit Schlosserei\" \/>\n<meta property=\"og:url\" content=\"https:\/\/www.trojahn-metallbau.de\/?page_id=17\" \/>\n<meta property=\"og:site_name\" content=\"Trojahn-Metallbau\" \/>\n<meta property=\"article:modified_time\" content=\"2020-06-18T20:14:38+00:00\" \/>\n<meta name=\"twitter:card\" content=\"summary_large_image\" \/>\n<script type=\"application\/ld+json\" class=\"yoast-schema-graph\">{\"@context\":\"https:\/\/schema.org\",\"@graph\":[{\"@type\":\"WebPage\",\"@id\":\"https:\/\/www.trojahn-metallbau.de\/?page_id=17\",\"url\":\"https:\/\/www.trojahn-metallbau.de\/?page_id=17\",\"name\":\"Kontakt - Trojahn-Metallbau\",\"isPartOf\":{\"@id\":\"https:\/\/www.trojahn-metallbau.de\/#website\"},\"datePublished\":\"2020-06-07T19:36:18+00:00\",\"dateModified\":\"2020-06-18T20:14:38+00:00\",\"description\":\"Trojahn-Metallbau Kontakt Metallbau Stahl Metall Schl\u00fcsseldienst Schl\u00fcssel Schicherheit Schlosserei\",\"breadcrumb\":{\"@id\":\"https:\/\/www.trojahn-metallbau.de\/?page_id=17#breadcrumb\"},\"inLanguage\":\"de\",\"potentialAction\":[{\"@type\":\"ReadAction\",\"target\":[\"https:\/\/www.trojahn-metallbau.de\/?page_id=17\"]}]},{\"@type\":\"BreadcrumbList\",\"@id\":\"https:\/\/www.trojahn-metallbau.de\/?page_id=17#breadcrumb\",\"itemListElement\":[{\"@type\":\"ListItem\",\"position\":1,\"name\":\"Startseite\",\"item\":\"https:\/\/www.trojahn-metallbau.de\/\"},{\"@type\":\"ListItem\",\"position\":2,\"name\":\"Kontakt\"}]},{\"@type\":\"WebSite\",\"@id\":\"https:\/\/www.trojahn-metallbau.de\/#website\",\"url\":\"https:\/\/www.trojahn-metallbau.de\/\",\"name\":\"Trojahn-Metallbau\",\"description\":\"Schlosserei - Metallbau - Schl\u00fcsseldienst\",\"publisher\":{\"@id\":\"https:\/\/www.trojahn-metallbau.de\/#organization\"},\"potentialAction\":[{\"@type\":\"SearchAction\",\"target\":{\"@type\":\"EntryPoint\",\"urlTemplate\":\"https:\/\/www.trojahn-metallbau.de\/?s={search_term_string}\"},\"query-input\":\"required name=search_term_string\"}],\"inLanguage\":\"de\"},{\"@type\":\"Organization\",\"@id\":\"https:\/\/www.trojahn-metallbau.de\/#organization\",\"name\":\"Trojahn Metallbau\",\"url\":\"https:\/\/www.trojahn-metallbau.de\/\",\"logo\":{\"@type\":\"ImageObject\",\"inLanguage\":\"de\",\"@id\":\"https:\/\/www.trojahn-metallbau.de\/#\/schema\/logo\/image\/\",\"url\":\"https:\/\/www.trojahn-metallbau.de\/wp-content\/uploads\/2020\/06\/Logo_mit_Schriftzug-1.jpg\",\"contentUrl\":\"https:\/\/www.trojahn-metallbau.de\/wp-content\/uploads\/2020\/06\/Logo_mit_Schriftzug-1.jpg\",\"width\":265,\"height\":291,\"caption\":\"Trojahn Metallbau\"},\"image\":{\"@id\":\"https:\/\/www.trojahn-metallbau.de\/#\/schema\/logo\/image\/\"}}]}<\/script>\n<!-- \/ Yoast SEO plugin. -->","yoast_head_json":{"title":"Kontakt - Trojahn-Metallbau","description":"Trojahn-Metallbau Kontakt Metallbau Stahl Metall Schl\u00fcsseldienst Schl\u00fcssel Schicherheit Schlosserei","robots":{"index":"index","follow":"follow","max-snippet":"max-snippet:-1","max-image-preview":"max-image-preview:large","max-video-preview":"max-video-preview:-1"},"canonical":"https:\/\/www.trojahn-metallbau.de\/?page_id=17","og_locale":"de_DE","og_type":"article","og_title":"Kontakt - Trojahn-Metallbau","og_description":"Trojahn-Metallbau Kontakt Metallbau Stahl Metall Schl\u00fcsseldienst Schl\u00fcssel Schicherheit Schlosserei","og_url":"https:\/\/www.trojahn-metallbau.de\/?page_id=17","og_site_name":"Trojahn-Metallbau","article_modified_time":"2020-06-18T20:14:38+00:00","twitter_card":"summary_large_image","schema":{"@context":"https:\/\/schema.org","@graph":[{"@type":"WebPage","@id":"https:\/\/www.trojahn-metallbau.de\/?page_id=17","url":"https:\/\/www.trojahn-metallbau.de\/?page_id=17","name":"Kontakt - Trojahn-Metallbau","isPartOf":{"@id":"https:\/\/www.trojahn-metallbau.de\/#website"},"datePublished":"2020-06-07T19:36:18+00:00","dateModified":"2020-06-18T20:14:38+00:00","description":"Trojahn-Metallbau Kontakt Metallbau Stahl Metall Schl\u00fcsseldienst Schl\u00fcssel Schicherheit Schlosserei","breadcrumb":{"@id":"https:\/\/www.trojahn-metallbau.de\/?page_id=17#breadcrumb"},"inLanguage":"de","potentialAction":[{"@type":"ReadAction","target":["https:\/\/www.trojahn-metallbau.de\/?page_id=17"]}]},{"@type":"BreadcrumbList","@id":"https:\/\/www.trojahn-metallbau.de\/?page_id=17#breadcrumb","itemListElement":[{"@type":"ListItem","position":1,"name":"Startseite","item":"https:\/\/www.trojahn-metallbau.de\/"},{"@type":"ListItem","position":2,"name":"Kontakt"}]},{"@type":"WebSite","@id":"https:\/\/www.trojahn-metallbau.de\/#website","url":"https:\/\/www.trojahn-metallbau.de\/","name":"Trojahn-Metallbau","description":"Schlosserei - Metallbau - Schl\u00fcsseldienst","publisher":{"@id":"https:\/\/www.trojahn-metallbau.de\/#organization"},"potentialAction":[{"@type":"SearchAction","target":{"@type":"EntryPoint","urlTemplate":"https:\/\/www.trojahn-metallbau.de\/?s={search_term_string}"},"query-input":"required name=search_term_string"}],"inLanguage":"de"},{"@type":"Organization","@id":"https:\/\/www.trojahn-metallbau.de\/#organization","name":"Trojahn Metallbau","url":"https:\/\/www.trojahn-metallbau.de\/","logo":{"@type":"ImageObject","inLanguage":"de","@id":"https:\/\/www.trojahn-metallbau.de\/#\/schema\/logo\/image\/","url":"https:\/\/www.trojahn-metallbau.de\/wp-content\/uploads\/2020\/06\/Logo_mit_Schriftzug-1.jpg","contentUrl":"https:\/\/www.trojahn-metallbau.de\/wp-content\/uploads\/2020\/06\/Logo_mit_Schriftzug-1.jpg","width":265,"height":291,"caption":"Trojahn Metallbau"},"image":{"@id":"https:\/\/www.trojahn-metallbau.de\/#\/schema\/logo\/image\/"}}]}},"_links":{"self":[{"href":"https:\/\/www.trojahn-metallbau.de\/index.php?rest_route=\/wp\/v2\/pages\/17"}],"collection":[{"href":"https:\/\/www.trojahn-metallbau.de\/index.php?rest_route=\/wp\/v2\/pages"}],"about":[{"href":"https:\/\/www.trojahn-metallbau.de\/index.php?rest_route=\/wp\/v2\/types\/page"}],"author":[{"embeddable":true,"href":"https:\/\/www.trojahn-metallbau.de\/index.php?rest_route=\/wp\/v2\/users\/1"}],"replies":[{"embeddable":true,"href":"https:\/\/www.trojahn-metallbau.de\/index.php?rest_route=%2Fwp%2Fv2%2Fcomments&post=17"}],"version-history":[{"count":6,"href":"https:\/\/www.trojahn-metallbau.de\/index.php?rest_route=\/wp\/v2\/pages\/17\/revisions"}],"predecessor-version":[{"id":238,"href":"https:\/\/www.trojahn-metallbau.de\/index.php?rest_route=\/wp\/v2\/pages\/17\/revisions\/238"}],"wp:attachment":[{"href":"https:\/\/www.trojahn-metallbau.de\/index.php?rest_route=%2Fwp%2Fv2%2Fmedia&parent=17"}],"curies":[{"name":"wp","href":"https:\/\/api.w.org\/{rel}","templated":true}]}}