{"id":15,"date":"2020-06-07T21:35:09","date_gmt":"2020-06-07T19:35:09","guid":{"rendered":"http:\/\/trojahn-metallbau.de\/?page_id=15"},"modified":"2022-10-30T13:00:14","modified_gmt":"2022-10-30T11:00:14","slug":"gas","status":"publish","type":"page","link":"https:\/\/www.trojahn-metallbau.de\/?page_id=15","title":{"rendered":"Gas"},"content":{"rendered":"\n<table><tbody><tr><th class=\"has-text-align-center\" data-align=\"center\"><img loading=\"lazy\" width=\"1616\" height=\"1080\" class=\"wp-image-67\" style=\"width: 200px;\" src=\"https:\/\/www.trojahn-metallbau.de\/wp-content\/uploads\/2020\/06\/Bild_Gas_2.jpg\" alt=\"\" srcset=\"https:\/\/www.trojahn-metallbau.de\/wp-content\/uploads\/2020\/06\/Bild_Gas_2.jpg 1616w, https:\/\/www.trojahn-metallbau.de\/wp-content\/uploads\/2020\/06\/Bild_Gas_2-300x200.jpg 300w, https:\/\/www.trojahn-metallbau.de\/wp-content\/uploads\/2020\/06\/Bild_Gas_2-1024x684.jpg 1024w, https:\/\/www.trojahn-metallbau.de\/wp-content\/uploads\/2020\/06\/Bild_Gas_2-768x513.jpg 768w, https:\/\/www.trojahn-metallbau.de\/wp-content\/uploads\/2020\/06\/Bild_Gas_2-1536x1027.jpg 1536w\" sizes=\"(max-width: 1616px) 100vw, 1616px\" \/>_<\/th><th><img loading=\"lazy\" width=\"1616\" height=\"1080\" class=\"wp-image-66\" style=\"width: 200px;\" src=\"https:\/\/www.trojahn-metallbau.de\/wp-content\/uploads\/2020\/06\/Bild_Gas_1.jpg\" alt=\"\" srcset=\"https:\/\/www.trojahn-metallbau.de\/wp-content\/uploads\/2020\/06\/Bild_Gas_1.jpg 1616w, https:\/\/www.trojahn-metallbau.de\/wp-content\/uploads\/2020\/06\/Bild_Gas_1-300x200.jpg 300w, https:\/\/www.trojahn-metallbau.de\/wp-content\/uploads\/2020\/06\/Bild_Gas_1-1024x684.jpg 1024w, https:\/\/www.trojahn-metallbau.de\/wp-content\/uploads\/2020\/06\/Bild_Gas_1-768x513.jpg 768w, https:\/\/www.trojahn-metallbau.de\/wp-content\/uploads\/2020\/06\/Bild_Gas_1-1536x1027.jpg 1536w\" sizes=\"(max-width: 1616px) 100vw, 1616px\" \/><\/th><\/tr><\/tbody><\/table>\n\n\n\n<p><br>Ob f\u00fcr Automobile oder f\u00fcr den privaten Gebrauch \u2013 Gasflaschen kommen in vielen Bereichen zum Einsatz \u2013 sowohl im Sommer, als auch im Winter. Im Sommer zum Grillen oder am Abend, um das gesellige Beisammensein noch zu verl\u00e4ngern, im Winter, um auch bei tiefen Temperaturen die Annehmlichkeiten der Terrasse zu genie\u00dfen oder ganzj\u00e4hrig, um im Caravan oder zu Hause unabh\u00e4ngig mit Gas kochen zu k\u00f6nnen, Gasflaschen sind vielseitig verwendbar.<\/p>\n\n\n\n<p>Wir haben Gasflaschen (Propangas) in unterschiedlichen Gebinden &#8211; 5 kg, 11kg und 33kg &#8211; st\u00e4ndig vorr\u00e4tig und geben diese im Pfandverfahren an unsere Kunden ab.<\/p>\n\n\n\n<p>Rufen Sie uns an, wir unterbreiten Ihnen gerne ein Angebot. Sie erreichen uns zu unseren \u00fcblichen Gesch\u00e4ftszeiten von Montag bis Freitag zwischen 8:00 Uhr &#8211; 17:00 Uhr unter der Rufnummer 07666 \/ 3085.<\/p>\n","protected":false},"excerpt":{"rendered":"<p>_ Ob f\u00fcr Automobile oder f\u00fcr den privaten Gebrauch \u2013 Gasflaschen kommen in vielen Bereichen zum...","protected":false},"author":1,"featured_media":0,"parent":0,"menu_order":0,"comment_status":"closed","ping_status":"closed","template":"","meta":[],"yoast_head":"<!-- This site is optimized with the Yoast SEO plugin v19.9 - https:\/\/yoast.com\/wordpress\/plugins\/seo\/ -->\n<title>Gas - Trojahn-Metallbau<\/title>\n<meta name=\"description\" content=\"Trojahn-Metallbau Gas Metallbau Stahl Metall Schl\u00fcsseldienst Schl\u00fcssel Schicherheit Schlosserei\" \/>\n<meta name=\"robots\" content=\"index, follow, max-snippet:-1, max-image-preview:large, max-video-preview:-1\" \/>\n<link rel=\"canonical\" href=\"https:\/\/www.trojahn-metallbau.de\/?page_id=15\" \/>\n<meta property=\"og:locale\" content=\"de_DE\" \/>\n<meta property=\"og:type\" content=\"article\" \/>\n<meta property=\"og:title\" content=\"Gas - Trojahn-Metallbau\" \/>\n<meta property=\"og:description\" content=\"Trojahn-Metallbau Gas Metallbau Stahl Metall Schl\u00fcsseldienst Schl\u00fcssel Schicherheit Schlosserei\" \/>\n<meta property=\"og:url\" content=\"https:\/\/www.trojahn-metallbau.de\/?page_id=15\" \/>\n<meta property=\"og:site_name\" content=\"Trojahn-Metallbau\" \/>\n<meta property=\"article:modified_time\" content=\"2022-10-30T11:00:14+00:00\" \/>\n<meta property=\"og:image\" content=\"https:\/\/www.trojahn-metallbau.de\/wp-content\/uploads\/2020\/06\/Bild_Gas_2.jpg\" \/>\n<meta name=\"twitter:card\" content=\"summary_large_image\" \/>\n<meta name=\"twitter:label1\" content=\"Gesch\u00e4tzte Lesezeit\" \/>\n\t<meta name=\"twitter:data1\" content=\"2\u00a0Minuten\" \/>\n<script type=\"application\/ld+json\" class=\"yoast-schema-graph\">{\"@context\":\"https:\/\/schema.org\",\"@graph\":[{\"@type\":\"WebPage\",\"@id\":\"https:\/\/www.trojahn-metallbau.de\/?page_id=15\",\"url\":\"https:\/\/www.trojahn-metallbau.de\/?page_id=15\",\"name\":\"Gas - Trojahn-Metallbau\",\"isPartOf\":{\"@id\":\"https:\/\/www.trojahn-metallbau.de\/#website\"},\"datePublished\":\"2020-06-07T19:35:09+00:00\",\"dateModified\":\"2022-10-30T11:00:14+00:00\",\"description\":\"Trojahn-Metallbau Gas Metallbau Stahl Metall Schl\u00fcsseldienst Schl\u00fcssel Schicherheit Schlosserei\",\"breadcrumb\":{\"@id\":\"https:\/\/www.trojahn-metallbau.de\/?page_id=15#breadcrumb\"},\"inLanguage\":\"de\",\"potentialAction\":[{\"@type\":\"ReadAction\",\"target\":[\"https:\/\/www.trojahn-metallbau.de\/?page_id=15\"]}]},{\"@type\":\"BreadcrumbList\",\"@id\":\"https:\/\/www.trojahn-metallbau.de\/?page_id=15#breadcrumb\",\"itemListElement\":[{\"@type\":\"ListItem\",\"position\":1,\"name\":\"Startseite\",\"item\":\"https:\/\/www.trojahn-metallbau.de\/\"},{\"@type\":\"ListItem\",\"position\":2,\"name\":\"Gas\"}]},{\"@type\":\"WebSite\",\"@id\":\"https:\/\/www.trojahn-metallbau.de\/#website\",\"url\":\"https:\/\/www.trojahn-metallbau.de\/\",\"name\":\"Trojahn-Metallbau\",\"description\":\"Schlosserei - Metallbau - Schl\u00fcsseldienst\",\"publisher\":{\"@id\":\"https:\/\/www.trojahn-metallbau.de\/#organization\"},\"potentialAction\":[{\"@type\":\"SearchAction\",\"target\":{\"@type\":\"EntryPoint\",\"urlTemplate\":\"https:\/\/www.trojahn-metallbau.de\/?s={search_term_string}\"},\"query-input\":\"required name=search_term_string\"}],\"inLanguage\":\"de\"},{\"@type\":\"Organization\",\"@id\":\"https:\/\/www.trojahn-metallbau.de\/#organization\",\"name\":\"Trojahn Metallbau\",\"url\":\"https:\/\/www.trojahn-metallbau.de\/\",\"logo\":{\"@type\":\"ImageObject\",\"inLanguage\":\"de\",\"@id\":\"https:\/\/www.trojahn-metallbau.de\/#\/schema\/logo\/image\/\",\"url\":\"https:\/\/www.trojahn-metallbau.de\/wp-content\/uploads\/2020\/06\/Logo_mit_Schriftzug-1.jpg\",\"contentUrl\":\"https:\/\/www.trojahn-metallbau.de\/wp-content\/uploads\/2020\/06\/Logo_mit_Schriftzug-1.jpg\",\"width\":265,\"height\":291,\"caption\":\"Trojahn Metallbau\"},\"image\":{\"@id\":\"https:\/\/www.trojahn-metallbau.de\/#\/schema\/logo\/image\/\"}}]}<\/script>\n<!-- \/ Yoast SEO plugin. -->","yoast_head_json":{"title":"Gas - Trojahn-Metallbau","description":"Trojahn-Metallbau Gas Metallbau Stahl Metall Schl\u00fcsseldienst Schl\u00fcssel Schicherheit Schlosserei","robots":{"index":"index","follow":"follow","max-snippet":"max-snippet:-1","max-image-preview":"max-image-preview:large","max-video-preview":"max-video-preview:-1"},"canonical":"https:\/\/www.trojahn-metallbau.de\/?page_id=15","og_locale":"de_DE","og_type":"article","og_title":"Gas - Trojahn-Metallbau","og_description":"Trojahn-Metallbau Gas Metallbau Stahl Metall Schl\u00fcsseldienst Schl\u00fcssel Schicherheit Schlosserei","og_url":"https:\/\/www.trojahn-metallbau.de\/?page_id=15","og_site_name":"Trojahn-Metallbau","article_modified_time":"2022-10-30T11:00:14+00:00","og_image":[{"url":"https:\/\/www.trojahn-metallbau.de\/wp-content\/uploads\/2020\/06\/Bild_Gas_2.jpg"}],"twitter_card":"summary_large_image","twitter_misc":{"Gesch\u00e4tzte Lesezeit":"2\u00a0Minuten"},"schema":{"@context":"https:\/\/schema.org","@graph":[{"@type":"WebPage","@id":"https:\/\/www.trojahn-metallbau.de\/?page_id=15","url":"https:\/\/www.trojahn-metallbau.de\/?page_id=15","name":"Gas - Trojahn-Metallbau","isPartOf":{"@id":"https:\/\/www.trojahn-metallbau.de\/#website"},"datePublished":"2020-06-07T19:35:09+00:00","dateModified":"2022-10-30T11:00:14+00:00","description":"Trojahn-Metallbau Gas Metallbau Stahl Metall Schl\u00fcsseldienst Schl\u00fcssel Schicherheit Schlosserei","breadcrumb":{"@id":"https:\/\/www.trojahn-metallbau.de\/?page_id=15#breadcrumb"},"inLanguage":"de","potentialAction":[{"@type":"ReadAction","target":["https:\/\/www.trojahn-metallbau.de\/?page_id=15"]}]},{"@type":"BreadcrumbList","@id":"https:\/\/www.trojahn-metallbau.de\/?page_id=15#breadcrumb","itemListElement":[{"@type":"ListItem","position":1,"name":"Startseite","item":"https:\/\/www.trojahn-metallbau.de\/"},{"@type":"ListItem","position":2,"name":"Gas"}]},{"@type":"WebSite","@id":"https:\/\/www.trojahn-metallbau.de\/#website","url":"https:\/\/www.trojahn-metallbau.de\/","name":"Trojahn-Metallbau","description":"Schlosserei - Metallbau - Schl\u00fcsseldienst","publisher":{"@id":"https:\/\/www.trojahn-metallbau.de\/#organization"},"potentialAction":[{"@type":"SearchAction","target":{"@type":"EntryPoint","urlTemplate":"https:\/\/www.trojahn-metallbau.de\/?s={search_term_string}"},"query-input":"required name=search_term_string"}],"inLanguage":"de"},{"@type":"Organization","@id":"https:\/\/www.trojahn-metallbau.de\/#organization","name":"Trojahn Metallbau","url":"https:\/\/www.trojahn-metallbau.de\/","logo":{"@type":"ImageObject","inLanguage":"de","@id":"https:\/\/www.trojahn-metallbau.de\/#\/schema\/logo\/image\/","url":"https:\/\/www.trojahn-metallbau.de\/wp-content\/uploads\/2020\/06\/Logo_mit_Schriftzug-1.jpg","contentUrl":"https:\/\/www.trojahn-metallbau.de\/wp-content\/uploads\/2020\/06\/Logo_mit_Schriftzug-1.jpg","width":265,"height":291,"caption":"Trojahn Metallbau"},"image":{"@id":"https:\/\/www.trojahn-metallbau.de\/#\/schema\/logo\/image\/"}}]}},"_links":{"self":[{"href":"https:\/\/www.trojahn-metallbau.de\/index.php?rest_route=\/wp\/v2\/pages\/15"}],"collection":[{"href":"https:\/\/www.trojahn-metallbau.de\/index.php?rest_route=\/wp\/v2\/pages"}],"about":[{"href":"https:\/\/www.trojahn-metallbau.de\/index.php?rest_route=\/wp\/v2\/types\/page"}],"author":[{"embeddable":true,"href":"https:\/\/www.trojahn-metallbau.de\/index.php?rest_route=\/wp\/v2\/users\/1"}],"replies":[{"embeddable":true,"href":"https:\/\/www.trojahn-metallbau.de\/index.php?rest_route=%2Fwp%2Fv2%2Fcomments&post=15"}],"version-history":[{"count":11,"href":"https:\/\/www.trojahn-metallbau.de\/index.php?rest_route=\/wp\/v2\/pages\/15\/revisions"}],"predecessor-version":[{"id":268,"href":"https:\/\/www.trojahn-metallbau.de\/index.php?rest_route=\/wp\/v2\/pages\/15\/revisions\/268"}],"wp:attachment":[{"href":"https:\/\/www.trojahn-metallbau.de\/index.php?rest_route=%2Fwp%2Fv2%2Fmedia&parent=15"}],"curies":[{"name":"wp","href":"https:\/\/api.w.org\/{rel}","templated":true}]}}