{"id":13,"date":"2020-06-07T21:34:29","date_gmt":"2020-06-07T19:34:29","guid":{"rendered":"http:\/\/trojahn-metallbau.de\/?page_id=13"},"modified":"2020-06-18T23:02:56","modified_gmt":"2020-06-18T21:02:56","slug":"sicherheitstechnik","status":"publish","type":"page","link":"https:\/\/www.trojahn-metallbau.de\/?page_id=13","title":{"rendered":"Sicherheitstechnik"},"content":{"rendered":"\n<table><tbody><tr><th><img loading=\"lazy\" width=\"1616\" height=\"1080\" class=\"wp-image-85\" style=\"width: 200px;\" src=\"https:\/\/www.trojahn-metallbau.de\/wp-content\/uploads\/2020\/06\/Bild_Schliesswand_4.jpg\" alt=\"\" srcset=\"https:\/\/www.trojahn-metallbau.de\/wp-content\/uploads\/2020\/06\/Bild_Schliesswand_4.jpg 1616w, https:\/\/www.trojahn-metallbau.de\/wp-content\/uploads\/2020\/06\/Bild_Schliesswand_4-300x200.jpg 300w, https:\/\/www.trojahn-metallbau.de\/wp-content\/uploads\/2020\/06\/Bild_Schliesswand_4-1024x684.jpg 1024w, https:\/\/www.trojahn-metallbau.de\/wp-content\/uploads\/2020\/06\/Bild_Schliesswand_4-768x513.jpg 768w, https:\/\/www.trojahn-metallbau.de\/wp-content\/uploads\/2020\/06\/Bild_Schliesswand_4-1536x1027.jpg 1536w\" sizes=\"(max-width: 1616px) 100vw, 1616px\" \/>_<\/th><th><img loading=\"lazy\" width=\"1616\" height=\"1080\" class=\"wp-image-87\" style=\"width: 200px;\" src=\"https:\/\/www.trojahn-metallbau.de\/wp-content\/uploads\/2020\/06\/Bild_Schliesswand_6.jpg\" alt=\"\" srcset=\"https:\/\/www.trojahn-metallbau.de\/wp-content\/uploads\/2020\/06\/Bild_Schliesswand_6.jpg 1616w, https:\/\/www.trojahn-metallbau.de\/wp-content\/uploads\/2020\/06\/Bild_Schliesswand_6-300x200.jpg 300w, https:\/\/www.trojahn-metallbau.de\/wp-content\/uploads\/2020\/06\/Bild_Schliesswand_6-1024x684.jpg 1024w, https:\/\/www.trojahn-metallbau.de\/wp-content\/uploads\/2020\/06\/Bild_Schliesswand_6-768x513.jpg 768w, https:\/\/www.trojahn-metallbau.de\/wp-content\/uploads\/2020\/06\/Bild_Schliesswand_6-1536x1027.jpg 1536w\" sizes=\"(max-width: 1616px) 100vw, 1616px\" \/>_<\/th><th><img loading=\"lazy\" width=\"1616\" height=\"1080\" class=\"wp-image-89\" style=\"width: 200px;\" src=\"https:\/\/www.trojahn-metallbau.de\/wp-content\/uploads\/2020\/06\/Bild_Schliesswand_8.jpg\" alt=\"\" srcset=\"https:\/\/www.trojahn-metallbau.de\/wp-content\/uploads\/2020\/06\/Bild_Schliesswand_8.jpg 1616w, https:\/\/www.trojahn-metallbau.de\/wp-content\/uploads\/2020\/06\/Bild_Schliesswand_8-300x200.jpg 300w, https:\/\/www.trojahn-metallbau.de\/wp-content\/uploads\/2020\/06\/Bild_Schliesswand_8-1024x684.jpg 1024w, https:\/\/www.trojahn-metallbau.de\/wp-content\/uploads\/2020\/06\/Bild_Schliesswand_8-768x513.jpg 768w, https:\/\/www.trojahn-metallbau.de\/wp-content\/uploads\/2020\/06\/Bild_Schliesswand_8-1536x1027.jpg 1536w\" sizes=\"(max-width: 1616px) 100vw, 1616px\" \/><\/th><\/tr><\/tbody><\/table>\n\n\n\n<p>Egal, ob es um Ihre Garage, ihr Grundst\u00fcck, Ihre Wohnung oder Ihr Haus geht, wir erstellen Ihnen ein bed\u00fcrfnisorientiertes Angebot zur Sicherung Ihres Eigentums &#8211; damit Sie sich keine Sorgen machen m\u00fcssen. Hierzu z\u00e4hlen klassische, mechanische  Sicherungsma\u00dfnahmen wie spezielle Sicherheitsschl\u00f6sser, abschlie\u00dfbare Fensterbeschl\u00e4ge, verriegelbare Rolll\u00e4den, Fenstergitter (um nur einige zu nennen). Aber auch elektrische Sicherungsma\u00dfnahmen realisieren wir in diesem Zusammenhang in Zusammenarbeit mit unseren Partnerfirmen.<\/p>\n\n\n\n<p>Wir f\u00fchren Zimmert\u00fcrschl\u00f6sser vorgerichtet f\u00fcr Buntbart- oder Profilzylinder oder Wohnungst\u00fcrschl\u00f6sser vorgerichtet f\u00fcr Profilzylinder, Rohrahmenschl\u00f6sser, Mehrfallenschl\u00f6sser in unterschiedlicher Ausf\u00fchrung, selbstverriegelnde Schl\u00f6sser.<\/p>\n\n\n\n<p>Wir k\u00fcmmern uns auch um die Auswechslung und den Neueinbau von Profilzylinder im gesch\u00fctzten System als Standardzyliner oder Zylinder in modularem Aufbau inklusiver Eweiterung von Bestandsanlagen, elektronisch gesteuerte Zylinder bis hin zu biometrischen Zutrittsystemen. Um unser Arbeitsspektrum im Bereich der Zutrittsgew\u00e4hrung abzurunden, k\u00fcmmern wir uns auch um die Planung, Installation und Wartung von Schlie\u00dfanlagen. <\/p>\n\n\n\n<p>Das Thema Sicherheit beinhaltet bei uns auch die Absicherung der T\u00fcren rund um das Schloss herum: Schutzbeschl\u00e4ge f\u00fcr sicherheitsrelevante Eingangsbereiche wie Haus-, Wohnungs-, Gewerbeeing\u00e4nge, um nur einige zu nennen, diverse Arten von Zimmert\u00fcrbeschl\u00e4gen, von &#8222;old fashioned&#8220; bis &#8222;ultramoder&#8220;, k\u00f6nnen wir Ihnen anbieten.<\/p>\n\n\n\n<p>Und selbstverst\u00e4ndlich wissen wir auch kleinere W\u00fcnsche wie elektrische Garagentorantriebe, Gitterrostsicherungen, Vorh\u00e4ngeschl\u00f6sser oder Querriegelschl\u00f6sser, von der Dimensionierung \u00fcber die Beschaffung bis hin zum Einbau umzusetzen.<\/p>\n\n\n\n<p>Sprechen Sie uns an, wir unterbreiten Ihnen gerne ein Angebot, damit Sie auch in Zukunft ruhigen Gewissens in Urlaub fahren k\u00f6nnen.<\/p>\n\n\n\n<p><\/p>\n","protected":false},"excerpt":{"rendered":"<p>_ _ Egal, ob es um Ihre Garage, ihr Grundst\u00fcck, Ihre Wohnung oder Ihr Haus geht, wir erstellen Ihnen...","protected":false},"author":1,"featured_media":0,"parent":0,"menu_order":0,"comment_status":"closed","ping_status":"closed","template":"","meta":[],"yoast_head":"<!-- This site is optimized with the Yoast SEO plugin v19.9 - https:\/\/yoast.com\/wordpress\/plugins\/seo\/ -->\n<title>Sicherheitstechnik - Trojahn-Metallbau<\/title>\n<meta name=\"description\" content=\"Trojahn-Metallbau Sicherheitstechnik Metallbau Stahl Metall Schl\u00fcsseldienst Schl\u00fcssel Schicherheit Schlosserei\" \/>\n<meta name=\"robots\" content=\"index, follow, max-snippet:-1, max-image-preview:large, max-video-preview:-1\" \/>\n<link rel=\"canonical\" href=\"https:\/\/www.trojahn-metallbau.de\/?page_id=13\" \/>\n<meta property=\"og:locale\" content=\"de_DE\" \/>\n<meta property=\"og:type\" content=\"article\" \/>\n<meta property=\"og:title\" content=\"Sicherheitstechnik - Trojahn-Metallbau\" \/>\n<meta property=\"og:description\" content=\"Trojahn-Metallbau Sicherheitstechnik Metallbau Stahl Metall Schl\u00fcsseldienst Schl\u00fcssel Schicherheit Schlosserei\" \/>\n<meta property=\"og:url\" content=\"https:\/\/www.trojahn-metallbau.de\/?page_id=13\" \/>\n<meta property=\"og:site_name\" content=\"Trojahn-Metallbau\" \/>\n<meta property=\"article:modified_time\" content=\"2020-06-18T21:02:56+00:00\" \/>\n<meta property=\"og:image\" content=\"https:\/\/www.trojahn-metallbau.de\/wp-content\/uploads\/2020\/06\/Bild_Schliesswand_4.jpg\" \/>\n<meta name=\"twitter:card\" content=\"summary_large_image\" \/>\n<meta name=\"twitter:label1\" content=\"Gesch\u00e4tzte Lesezeit\" \/>\n\t<meta name=\"twitter:data1\" content=\"1\u00a0Minute\" \/>\n<script type=\"application\/ld+json\" class=\"yoast-schema-graph\">{\"@context\":\"https:\/\/schema.org\",\"@graph\":[{\"@type\":\"WebPage\",\"@id\":\"https:\/\/www.trojahn-metallbau.de\/?page_id=13\",\"url\":\"https:\/\/www.trojahn-metallbau.de\/?page_id=13\",\"name\":\"Sicherheitstechnik - Trojahn-Metallbau\",\"isPartOf\":{\"@id\":\"https:\/\/www.trojahn-metallbau.de\/#website\"},\"datePublished\":\"2020-06-07T19:34:29+00:00\",\"dateModified\":\"2020-06-18T21:02:56+00:00\",\"description\":\"Trojahn-Metallbau Sicherheitstechnik Metallbau Stahl Metall Schl\u00fcsseldienst Schl\u00fcssel Schicherheit Schlosserei\",\"breadcrumb\":{\"@id\":\"https:\/\/www.trojahn-metallbau.de\/?page_id=13#breadcrumb\"},\"inLanguage\":\"de\",\"potentialAction\":[{\"@type\":\"ReadAction\",\"target\":[\"https:\/\/www.trojahn-metallbau.de\/?page_id=13\"]}]},{\"@type\":\"BreadcrumbList\",\"@id\":\"https:\/\/www.trojahn-metallbau.de\/?page_id=13#breadcrumb\",\"itemListElement\":[{\"@type\":\"ListItem\",\"position\":1,\"name\":\"Startseite\",\"item\":\"https:\/\/www.trojahn-metallbau.de\/\"},{\"@type\":\"ListItem\",\"position\":2,\"name\":\"Sicherheitstechnik\"}]},{\"@type\":\"WebSite\",\"@id\":\"https:\/\/www.trojahn-metallbau.de\/#website\",\"url\":\"https:\/\/www.trojahn-metallbau.de\/\",\"name\":\"Trojahn-Metallbau\",\"description\":\"Schlosserei - Metallbau - Schl\u00fcsseldienst\",\"publisher\":{\"@id\":\"https:\/\/www.trojahn-metallbau.de\/#organization\"},\"potentialAction\":[{\"@type\":\"SearchAction\",\"target\":{\"@type\":\"EntryPoint\",\"urlTemplate\":\"https:\/\/www.trojahn-metallbau.de\/?s={search_term_string}\"},\"query-input\":\"required name=search_term_string\"}],\"inLanguage\":\"de\"},{\"@type\":\"Organization\",\"@id\":\"https:\/\/www.trojahn-metallbau.de\/#organization\",\"name\":\"Trojahn Metallbau\",\"url\":\"https:\/\/www.trojahn-metallbau.de\/\",\"logo\":{\"@type\":\"ImageObject\",\"inLanguage\":\"de\",\"@id\":\"https:\/\/www.trojahn-metallbau.de\/#\/schema\/logo\/image\/\",\"url\":\"https:\/\/www.trojahn-metallbau.de\/wp-content\/uploads\/2020\/06\/Logo_mit_Schriftzug-1.jpg\",\"contentUrl\":\"https:\/\/www.trojahn-metallbau.de\/wp-content\/uploads\/2020\/06\/Logo_mit_Schriftzug-1.jpg\",\"width\":265,\"height\":291,\"caption\":\"Trojahn Metallbau\"},\"image\":{\"@id\":\"https:\/\/www.trojahn-metallbau.de\/#\/schema\/logo\/image\/\"}}]}<\/script>\n<!-- \/ Yoast SEO plugin. -->","yoast_head_json":{"title":"Sicherheitstechnik - Trojahn-Metallbau","description":"Trojahn-Metallbau Sicherheitstechnik Metallbau Stahl Metall Schl\u00fcsseldienst Schl\u00fcssel Schicherheit Schlosserei","robots":{"index":"index","follow":"follow","max-snippet":"max-snippet:-1","max-image-preview":"max-image-preview:large","max-video-preview":"max-video-preview:-1"},"canonical":"https:\/\/www.trojahn-metallbau.de\/?page_id=13","og_locale":"de_DE","og_type":"article","og_title":"Sicherheitstechnik - Trojahn-Metallbau","og_description":"Trojahn-Metallbau Sicherheitstechnik Metallbau Stahl Metall Schl\u00fcsseldienst Schl\u00fcssel Schicherheit Schlosserei","og_url":"https:\/\/www.trojahn-metallbau.de\/?page_id=13","og_site_name":"Trojahn-Metallbau","article_modified_time":"2020-06-18T21:02:56+00:00","og_image":[{"url":"https:\/\/www.trojahn-metallbau.de\/wp-content\/uploads\/2020\/06\/Bild_Schliesswand_4.jpg"}],"twitter_card":"summary_large_image","twitter_misc":{"Gesch\u00e4tzte Lesezeit":"1\u00a0Minute"},"schema":{"@context":"https:\/\/schema.org","@graph":[{"@type":"WebPage","@id":"https:\/\/www.trojahn-metallbau.de\/?page_id=13","url":"https:\/\/www.trojahn-metallbau.de\/?page_id=13","name":"Sicherheitstechnik - Trojahn-Metallbau","isPartOf":{"@id":"https:\/\/www.trojahn-metallbau.de\/#website"},"datePublished":"2020-06-07T19:34:29+00:00","dateModified":"2020-06-18T21:02:56+00:00","description":"Trojahn-Metallbau Sicherheitstechnik Metallbau Stahl Metall Schl\u00fcsseldienst Schl\u00fcssel Schicherheit Schlosserei","breadcrumb":{"@id":"https:\/\/www.trojahn-metallbau.de\/?page_id=13#breadcrumb"},"inLanguage":"de","potentialAction":[{"@type":"ReadAction","target":["https:\/\/www.trojahn-metallbau.de\/?page_id=13"]}]},{"@type":"BreadcrumbList","@id":"https:\/\/www.trojahn-metallbau.de\/?page_id=13#breadcrumb","itemListElement":[{"@type":"ListItem","position":1,"name":"Startseite","item":"https:\/\/www.trojahn-metallbau.de\/"},{"@type":"ListItem","position":2,"name":"Sicherheitstechnik"}]},{"@type":"WebSite","@id":"https:\/\/www.trojahn-metallbau.de\/#website","url":"https:\/\/www.trojahn-metallbau.de\/","name":"Trojahn-Metallbau","description":"Schlosserei - Metallbau - Schl\u00fcsseldienst","publisher":{"@id":"https:\/\/www.trojahn-metallbau.de\/#organization"},"potentialAction":[{"@type":"SearchAction","target":{"@type":"EntryPoint","urlTemplate":"https:\/\/www.trojahn-metallbau.de\/?s={search_term_string}"},"query-input":"required name=search_term_string"}],"inLanguage":"de"},{"@type":"Organization","@id":"https:\/\/www.trojahn-metallbau.de\/#organization","name":"Trojahn Metallbau","url":"https:\/\/www.trojahn-metallbau.de\/","logo":{"@type":"ImageObject","inLanguage":"de","@id":"https:\/\/www.trojahn-metallbau.de\/#\/schema\/logo\/image\/","url":"https:\/\/www.trojahn-metallbau.de\/wp-content\/uploads\/2020\/06\/Logo_mit_Schriftzug-1.jpg","contentUrl":"https:\/\/www.trojahn-metallbau.de\/wp-content\/uploads\/2020\/06\/Logo_mit_Schriftzug-1.jpg","width":265,"height":291,"caption":"Trojahn Metallbau"},"image":{"@id":"https:\/\/www.trojahn-metallbau.de\/#\/schema\/logo\/image\/"}}]}},"_links":{"self":[{"href":"https:\/\/www.trojahn-metallbau.de\/index.php?rest_route=\/wp\/v2\/pages\/13"}],"collection":[{"href":"https:\/\/www.trojahn-metallbau.de\/index.php?rest_route=\/wp\/v2\/pages"}],"about":[{"href":"https:\/\/www.trojahn-metallbau.de\/index.php?rest_route=\/wp\/v2\/types\/page"}],"author":[{"embeddable":true,"href":"https:\/\/www.trojahn-metallbau.de\/index.php?rest_route=\/wp\/v2\/users\/1"}],"replies":[{"embeddable":true,"href":"https:\/\/www.trojahn-metallbau.de\/index.php?rest_route=%2Fwp%2Fv2%2Fcomments&post=13"}],"version-history":[{"count":13,"href":"https:\/\/www.trojahn-metallbau.de\/index.php?rest_route=\/wp\/v2\/pages\/13\/revisions"}],"predecessor-version":[{"id":242,"href":"https:\/\/www.trojahn-metallbau.de\/index.php?rest_route=\/wp\/v2\/pages\/13\/revisions\/242"}],"wp:attachment":[{"href":"https:\/\/www.trojahn-metallbau.de\/index.php?rest_route=%2Fwp%2Fv2%2Fmedia&parent=13"}],"curies":[{"name":"wp","href":"https:\/\/api.w.org\/{rel}","templated":true}]}}